{"id":15999,"date":"2025-06-13T13:04:14","date_gmt":"2025-06-13T17:04:14","guid":{"rendered":"https:\/\/www.logistecterminals.com\/?page_id=15999"},"modified":"2025-06-13T13:04:20","modified_gmt":"2025-06-13T17:04:20","slug":"port-aransas","status":"publish","type":"page","link":"https:\/\/www.logistecterminals.com\/fr\/reseau\/port-aransas\/","title":{"rendered":"Port Aransas"},"content":{"rendered":"<p>[et_pb_section fb_built=\u00a0\u00bb1&Prime; custom_padding_last_edited=\u00a0\u00bbon|desktop\u00a0\u00bb module_class=\u00a0\u00bbtop-banner-terminal ds-vertical-align-baseline \u00a0\u00bb _builder_version=\u00a0\u00bb4.27.4&Prime; background_image=\u00a0\u00bbhttps:\/\/www.logistecterminals.com\/wp-content\/uploads\/2025\/06\/Port-Aransas-Banner-scaled.jpg\u00a0\u00bb background_position=\u00a0\u00bbbottom_right\u00a0\u00bb custom_padding_tablet=\u00a0\u00bb\u00a0\u00bb custom_padding_phone=\u00a0\u00bb\u00a0\u00bb global_colors_info=\u00a0\u00bb{}\u00a0\u00bb][et_pb_row custom_padding_last_edited=\u00a0\u00bbon|tablet\u00a0\u00bb module_class=\u00a0\u00bbds-vertical-align-baseline \u00a0\u00bb _builder_version=\u00a0\u00bb4.16&Prime; custom_margin=\u00a0\u00bb0px||0px|\u00a0\u00bb custom_padding=\u00a0\u00bb50px||50px|\u00a0\u00bb custom_padding_tablet=\u00a0\u00bb10px||10px|\u00a0\u00bb custom_padding_phone=\u00a0\u00bb\u00a0\u00bb global_colors_info=\u00a0\u00bb{}\u00a0\u00bb][et_pb_column type=\u00a0\u00bb4_4&Prime; _builder_version=\u00a0\u00bb4.16&Prime; custom_padding=\u00a0\u00bb|||\u00a0\u00bb global_colors_info=\u00a0\u00bb{}\u00a0\u00bb custom_padding__hover=\u00a0\u00bb|||\u00a0\u00bb][et_pb_text admin_label=\u00a0\u00bbBanner\u00a0\u00bb _builder_version=\u00a0\u00bb4.27.4&Prime; background_layout=\u00a0\u00bbdark\u00a0\u00bb max_width=\u00a0\u00bb50%\u00a0\u00bb max_width_tablet=\u00a0\u00bb\u00a0\u00bb max_width_phone=\u00a0\u00bb100%\u00a0\u00bb max_width_last_edited=\u00a0\u00bbon|desktop\u00a0\u00bb module_alignment=\u00a0\u00bbleft\u00a0\u00bb z_index_tablet=\u00a0\u00bb500&Prime; global_colors_info=\u00a0\u00bb{}\u00a0\u00bb]<\/p>\n<h1 style=\"text-align: left;\">Port Aransas<\/h1>\n<p>[\/et_pb_text][\/et_pb_column][\/et_pb_row][\/et_pb_section][et_pb_section fb_built=\u00a0\u00bb1&Prime; custom_padding_last_edited=\u00a0\u00bbon|desktop\u00a0\u00bb module_class=\u00a0\u00bbds-vertical-align top-banner-terminal\u00a0\u00bb _builder_version=\u00a0\u00bb4.27.4&Prime; background_image=\u00a0\u00bbhttps:\/\/www.logistecterminals.com\/wp-content\/uploads\/2018\/10\/Corpus-Christi-Map.jpg\u00a0\u00bb custom_padding_tablet=\u00a0\u00bb\u00a0\u00bb custom_padding_phone=\u00a0\u00bb\u00a0\u00bb global_colors_info=\u00a0\u00bb{}\u00a0\u00bb][et_pb_row column_structure=\u00a0\u00bb1_2,1_2&Prime; make_equal=\u00a0\u00bbon\u00a0\u00bb _builder_version=\u00a0\u00bb4.16&Prime; custom_padding=\u00a0\u00bb50px||50px|\u00a0\u00bb global_colors_info=\u00a0\u00bb{}\u00a0\u00bb][et_pb_column type=\u00a0\u00bb1_2&Prime; _builder_version=\u00a0\u00bb4.16&Prime; custom_padding=\u00a0\u00bb|||\u00a0\u00bb global_colors_info=\u00a0\u00bb{}\u00a0\u00bb custom_padding__hover=\u00a0\u00bb|||\u00a0\u00bb][et_pb_text admin_label=\u00a0\u00bbMap + description\u00a0\u00bb _builder_version=\u00a0\u00bb4.27.4&Prime; max_width=\u00a0\u00bb83.2%\u00a0\u00bb max_width_tablet=\u00a0\u00bb\u00a0\u00bb max_width_phone=\u00a0\u00bb\u00a0\u00bb max_width_last_edited=\u00a0\u00bbon|tablet\u00a0\u00bb module_alignment=\u00a0\u00bbleft\u00a0\u00bb z_index_tablet=\u00a0\u00bb500&Prime; global_colors_info=\u00a0\u00bb{}\u00a0\u00bb]<\/p>\n<h2 style=\"text-align: left;\">Terminal de Aransas, Texas<\/h2>\n<p>Port Aransas, au Texas, est une plaque tournante strat\u00e9gique pour les marchandises g\u00e9n\u00e9rales et les projets, au service d&rsquo;industries cl\u00e9s telles que l&rsquo;\u00e9nergie et les infrastructures. Gr\u00e2ce \u00e0 des grues ultramodernes, des chariots \u00e9l\u00e9vateurs \u00e0 m\u00e2t r\u00e9tractable et des d\u00e9bardeurs experts, nous assurons une manutention efficace des marchandises surdimensionn\u00e9es et des charges lourdes. Faites confiance \u00e0 Port Aransas pour des solutions logistiques fiables et de grande capacit\u00e9, adapt\u00e9es \u00e0 l&rsquo;\u00e9volution des demandes des industries et des march\u00e9s le long de la c\u00f4te du golfe du Mexique.[\/et_pb_text][et_pb_button button_url=\u00a0\u00bbhttps:\/\/www.logistecterminals.com\/wp-content\/uploads\/2025\/06\/TechSheet-Aransas_June2025_FR.pdf\u00a0\u00bb url_new_window=\u00a0\u00bbon\u00a0\u00bb button_text=\u00a0\u00bbT\u00e9l\u00e9charger la fiche technique\u00a0\u00bb _builder_version=\u00a0\u00bb4.27.4&Prime; z_index_tablet=\u00a0\u00bb500&Prime; global_colors_info=\u00a0\u00bb{}\u00a0\u00bb button_text_size__hover_enabled=\u00a0\u00bboff\u00a0\u00bb button_text_size__hover=\u00a0\u00bbnull\u00a0\u00bb button_one_text_size__hover_enabled=\u00a0\u00bboff\u00a0\u00bb button_one_text_size__hover=\u00a0\u00bbnull\u00a0\u00bb button_two_text_size__hover_enabled=\u00a0\u00bboff\u00a0\u00bb button_two_text_size__hover=\u00a0\u00bbnull\u00a0\u00bb button_text_color__hover_enabled=\u00a0\u00bboff\u00a0\u00bb button_text_color__hover=\u00a0\u00bbnull\u00a0\u00bb button_one_text_color__hover_enabled=\u00a0\u00bboff\u00a0\u00bb button_one_text_color__hover=\u00a0\u00bbnull\u00a0\u00bb button_two_text_color__hover_enabled=\u00a0\u00bboff\u00a0\u00bb button_two_text_color__hover=\u00a0\u00bbnull\u00a0\u00bb button_border_width__hover_enabled=\u00a0\u00bboff\u00a0\u00bb button_border_width__hover=\u00a0\u00bbnull\u00a0\u00bb button_one_border_width__hover_enabled=\u00a0\u00bboff\u00a0\u00bb button_one_border_width__hover=\u00a0\u00bbnull\u00a0\u00bb button_two_border_width__hover_enabled=\u00a0\u00bboff\u00a0\u00bb button_two_border_width__hover=\u00a0\u00bbnull\u00a0\u00bb button_border_color__hover_enabled=\u00a0\u00bboff\u00a0\u00bb button_border_color__hover=\u00a0\u00bbnull\u00a0\u00bb button_one_border_color__hover_enabled=\u00a0\u00bboff\u00a0\u00bb button_one_border_color__hover=\u00a0\u00bbnull\u00a0\u00bb button_two_border_color__hover_enabled=\u00a0\u00bboff\u00a0\u00bb button_two_border_color__hover=\u00a0\u00bbnull\u00a0\u00bb button_border_radius__hover_enabled=\u00a0\u00bboff\u00a0\u00bb button_border_radius__hover=\u00a0\u00bbnull\u00a0\u00bb button_one_border_radius__hover_enabled=\u00a0\u00bboff\u00a0\u00bb button_one_border_radius__hover=\u00a0\u00bbnull\u00a0\u00bb button_two_border_radius__hover_enabled=\u00a0\u00bboff\u00a0\u00bb button_two_border_radius__hover=\u00a0\u00bbnull\u00a0\u00bb button_letter_spacing__hover_enabled=\u00a0\u00bboff\u00a0\u00bb button_letter_spacing__hover=\u00a0\u00bbnull\u00a0\u00bb button_one_letter_spacing__hover_enabled=\u00a0\u00bboff\u00a0\u00bb button_one_letter_spacing__hover=\u00a0\u00bbnull\u00a0\u00bb button_two_letter_spacing__hover_enabled=\u00a0\u00bboff\u00a0\u00bb button_two_letter_spacing__hover=\u00a0\u00bbnull\u00a0\u00bb button_bg_color__hover_enabled=\u00a0\u00bboff\u00a0\u00bb button_bg_color__hover=\u00a0\u00bbnull\u00a0\u00bb button_one_bg_color__hover_enabled=\u00a0\u00bboff\u00a0\u00bb button_one_bg_color__hover=\u00a0\u00bbnull\u00a0\u00bb button_two_bg_color__hover_enabled=\u00a0\u00bboff\u00a0\u00bb button_two_bg_color__hover=\u00a0\u00bbnull\u00a0\u00bb][\/et_pb_button][\/et_pb_column][et_pb_column type=\u00a0\u00bb1_2&Prime; module_class=\u00a0\u00bbds-vertical-align-baseline\u00a0\u00bb _builder_version=\u00a0\u00bb4.16&Prime; custom_padding=\u00a0\u00bb|||\u00a0\u00bb global_colors_info=\u00a0\u00bb{}\u00a0\u00bb custom_padding__hover=\u00a0\u00bb|||\u00a0\u00bb][et_pb_image src=\u00a0\u00bbhttps:\/\/www.logistecterminals.com\/wp-content\/uploads\/2019\/04\/Gulf-Stream-Marine_RGB_285.png\u00a0\u00bb url=\u00a0\u00bbhttp:\/\/www.gulfstreammarine.com\/\u00a0\u00bb align=\u00a0\u00bbright\u00a0\u00bb align_tablet=\u00a0\u00bbcenter\u00a0\u00bb align_phone=\u00a0\u00bbcenter\u00a0\u00bb align_last_edited=\u00a0\u00bbon|desktop\u00a0\u00bb _builder_version=\u00a0\u00bb4.16&Prime; global_colors_info=\u00a0\u00bb{}\u00a0\u00bb][\/et_pb_image][\/et_pb_column][\/et_pb_row][\/et_pb_section][et_pb_section fb_built=\u00a0\u00bb1&Prime; _builder_version=\u00a0\u00bb4.16&Prime; background_color=\u00a0\u00bb#ff671f\u00a0\u00bb custom_padding=\u00a0\u00bb50px||50px|\u00a0\u00bb global_colors_info=\u00a0\u00bb{}\u00a0\u00bb][et_pb_row column_structure=\u00a0\u00bb1_4,1_4,1_4,1_4&Prime; _builder_version=\u00a0\u00bb4.16&Prime; global_colors_info=\u00a0\u00bb{}\u00a0\u00bb][et_pb_column type=\u00a0\u00bb1_4&Prime; _builder_version=\u00a0\u00bb4.16&Prime; custom_padding=\u00a0\u00bb|25px||\u00a0\u00bb custom_padding_tablet=\u00a0\u00bb|25px||\u00a0\u00bb custom_padding_phone=\u00a0\u00bb|0px||\u00a0\u00bb custom_padding_last_edited=\u00a0\u00bbon|phone\u00a0\u00bb global_colors_info=\u00a0\u00bb{}\u00a0\u00bb custom_padding__hover=\u00a0\u00bb|||\u00a0\u00bb][et_pb_text admin_label=\u00a0\u00bbSERVICES OFFERED\u00a0\u00bb _builder_version=\u00a0\u00bb4.27.4&Prime; background_layout=\u00a0\u00bbdark\u00a0\u00bb z_index_tablet=\u00a0\u00bb500&Prime; global_colors_info=\u00a0\u00bb{}\u00a0\u00bb]<\/p>\n<h4 style=\"text-align: left;\">SERVICES OFFERTS<\/h4>\n<p>Manutention de marchandises<br \/>\nArrimage, Entreposage<br \/>\nManutention de cargo<br \/>\nEntreposage ext\u00e9rieur<br \/>\nZone Franche (FTZ)<br \/>\nTransbordement int\u00e9rieur\/<br \/>\next\u00e9rieur<br \/>\nGestion de l\u2019inventaire[\/et_pb_text][\/et_pb_column][et_pb_column type=\u00a0\u00bb1_4&Prime; _builder_version=\u00a0\u00bb4.16&Prime; custom_padding=\u00a0\u00bb|25px||\u00a0\u00bb custom_padding_tablet=\u00a0\u00bb|25px||\u00a0\u00bb custom_padding_phone=\u00a0\u00bb|0px||\u00a0\u00bb custom_padding_last_edited=\u00a0\u00bbon|phone\u00a0\u00bb global_colors_info=\u00a0\u00bb{}\u00a0\u00bb custom_padding__hover=\u00a0\u00bb|||\u00a0\u00bb][et_pb_text admin_label=\u00a0\u00bbEQUIPMENT\u00a0\u00bb _builder_version=\u00a0\u00bb4.27.4&Prime; background_layout=\u00a0\u00bbdark\u00a0\u00bb z_index_tablet=\u00a0\u00bb500&Prime; global_colors_info=\u00a0\u00bb{}\u00a0\u00bb]<\/p>\n<h4 style=\"text-align: left;\">\u00c9QUIPEMENT<\/h4>\n<p>Chariots \u00e9l\u00e9vateurs \u00e0 fourche<br \/>\nGrues t\u00e9lescopiques<br \/>\nChargeurs &#038; conteneurs<br \/>\nToploaders<br \/>\nPont-bascule certifi\u00e9<br \/>\nGrue sur chenille<br \/>\nRemorques pour marchandises<br \/>\nlourdes<br \/>\nRemorques et camions[\/et_pb_text][\/et_pb_column][et_pb_column type=\u00a0\u00bb1_4&Prime; _builder_version=\u00a0\u00bb4.16&Prime; custom_padding=\u00a0\u00bb|25px||\u00a0\u00bb custom_padding_tablet=\u00a0\u00bb|0px||\u00a0\u00bb custom_padding_phone=\u00a0\u00bb|0px||\u00a0\u00bb custom_padding_last_edited=\u00a0\u00bbon|tablet\u00a0\u00bb global_colors_info=\u00a0\u00bb{}\u00a0\u00bb custom_padding__hover=\u00a0\u00bb|||\u00a0\u00bb][et_pb_text admin_label=\u00a0\u00bbTYPES OF CARGO\u00a0\u00bb _builder_version=\u00a0\u00bb4.27.4&Prime; background_layout=\u00a0\u00bbdark\u00a0\u00bb z_index_tablet=\u00a0\u00bb500&Prime; global_colors_info=\u00a0\u00bb{}\u00a0\u00bb]<\/p>\n<h4 style=\"text-align: left;\">TYPES DE MARCHANDISES<\/h4>\n<p>Vrac<br \/>\nMarchandises g\u00e9n\u00e9rales<br \/>\nProduits d\u2019acier<br \/>\nComposantes \u00e9oliennes<br \/>\nConteneurs<br \/>\nProjet Cargo<br \/>\nMarchandises surdimensionn\u00e9es<br \/>\nConstruction et produits miniers[\/et_pb_text][\/et_pb_column][et_pb_column type=\u00a0\u00bb1_4&Prime; _builder_version=\u00a0\u00bb4.16&Prime; custom_padding=\u00a0\u00bb|||\u00a0\u00bb global_colors_info=\u00a0\u00bb{}\u00a0\u00bb custom_padding__hover=\u00a0\u00bb|||\u00a0\u00bb][et_pb_text admin_label=\u00a0\u00bbINLAND CONNECTIONS\u00a0\u00bb _builder_version=\u00a0\u00bb4.27.4&Prime; background_layout=\u00a0\u00bbdark\u00a0\u00bb global_colors_info=\u00a0\u00bb{}\u00a0\u00bb]<\/p>\n<h4 style=\"text-align: left;\">CORRESPONDANCES<\/h4>\n<p>Pr\u00e8s de l\u2019autoroute I-69[\/et_pb_text][\/et_pb_column][\/et_pb_row][\/et_pb_section][et_pb_section fb_built=\u00a0\u00bb1&Prime; _builder_version=\u00a0\u00bb4.16&Prime; custom_padding=\u00a0\u00bb0px||0px|\u00a0\u00bb global_colors_info=\u00a0\u00bb{}\u00a0\u00bb][et_pb_row column_structure=\u00a0\u00bb1_2,1_2&Prime; use_custom_gutter=\u00a0\u00bbon\u00a0\u00bb gutter_width=\u00a0\u00bb1&Prime; make_equal=\u00a0\u00bbon\u00a0\u00bb module_class=\u00a0\u00bb et_pb_row_fullwidth et_pb_row_fullwidth et_pb_row_fullwidth et_pb_row_fullwidth et_pb_row_fullwidth et_pb_row_fullwidth et_pb_row_fullwidth\u00a0\u00bb _builder_version=\u00a0\u00bb4.27.4&Prime; width=\u00a0\u00bb100%\u00a0\u00bb width_tablet=\u00a0\u00bb100%\u00a0\u00bb width_phone=\u00a0\u00bb\u00a0\u00bb width_last_edited=\u00a0\u00bbon|desktop\u00a0\u00bb max_width=\u00a0\u00bb100%\u00a0\u00bb max_width_tablet=\u00a0\u00bb100%\u00a0\u00bb max_width_phone=\u00a0\u00bb\u00a0\u00bb max_width_last_edited=\u00a0\u00bbon|desktop\u00a0\u00bb custom_padding=\u00a0\u00bb0px||0px|\u00a0\u00bb make_fullwidth=\u00a0\u00bbon\u00a0\u00bb global_colors_info=\u00a0\u00bb{}\u00a0\u00bb][et_pb_column type=\u00a0\u00bb1_2&Prime; module_class=\u00a0\u00bbds-vertical-align sync-1 square\u00a0\u00bb _builder_version=\u00a0\u00bb4.27.4&Prime; background_image=\u00a0\u00bbhttps:\/\/www.logistecterminals.com\/wp-content\/uploads\/2025\/06\/Port-Aransas-Picture.jpg\u00a0\u00bb background_position=\u00a0\u00bbbottom_center\u00a0\u00bb custom_padding=\u00a0\u00bb|||\u00a0\u00bb custom_padding_last_edited=\u00a0\u00bboff|phone\u00a0\u00bb global_colors_info=\u00a0\u00bb{}\u00a0\u00bb custom_padding__hover=\u00a0\u00bb|||\u00a0\u00bb][et_pb_divider show_divider=\u00a0\u00bboff\u00a0\u00bb _builder_version=\u00a0\u00bb4.16&Prime; global_colors_info=\u00a0\u00bb{}\u00a0\u00bb][\/et_pb_divider][\/et_pb_column][et_pb_column type=\u00a0\u00bb1_2&Prime; module_class=\u00a0\u00bbds-vertical-align sync-1 square\u00a0\u00bb _builder_version=\u00a0\u00bb4.16&Prime; custom_padding=\u00a0\u00bb60px|10%|60px|10%\u00a0\u00bb custom_padding_tablet=\u00a0\u00bb45px|10%|45px|10%\u00a0\u00bb custom_padding_phone=\u00a0\u00bb45px|10%|45px|10%\u00a0\u00bb custom_padding_last_edited=\u00a0\u00bbon|phone\u00a0\u00bb global_colors_info=\u00a0\u00bb{}\u00a0\u00bb custom_padding__hover=\u00a0\u00bb|||\u00a0\u00bb][et_pb_text admin_label=\u00a0\u00bbContact Info\u00a0\u00bb _builder_version=\u00a0\u00bb4.27.4&Prime; z_index_tablet=\u00a0\u00bb500&Prime; global_colors_info=\u00a0\u00bb{}\u00a0\u00bb]<\/p>\n<h2>Coordonn\u00e9es<\/h2>\n<h6 style=\"margin-top: 15px;\">ADRESSE<\/h6>\n<p>118 E. Hwy 361, Port Aransas,<br \/>\nTexas 78373<\/p>\n<h6 style=\"margin-top: 15px;\">GULF STREAM MARINE INC.<\/h6>\n<p>10000 Manchester St.<br \/>\nHouston, Texas 77012<br \/>\n<a href=\"mailto:info@gulfstreammarine.com\">info@gulfstreammarine.com<\/a>[\/et_pb_text][\/et_pb_column][\/et_pb_row][\/et_pb_section]<\/p>\n","protected":false},"excerpt":{"rendered":"<p>Port AransasTerminal de Aransas, Texas Port Aransas, au Texas, est une plaque tournante strat\u00e9gique pour les marchandises g\u00e9n\u00e9rales et les projets, au service d&rsquo;industries cl\u00e9s telles que l&rsquo;\u00e9nergie et les infrastructures. Gr\u00e2ce \u00e0 des grues ultramodernes, des chariots \u00e9l\u00e9vateurs \u00e0 m\u00e2t r\u00e9tractable et des d\u00e9bardeurs experts, nous assurons une manutention efficace des marchandises surdimensionn\u00e9es et des charges lourdes. Faites confiance \u00e0 Port Aransas pour des solutions logistiques fiables et de grande capacit\u00e9, adapt\u00e9es \u00e0 l&rsquo;\u00e9volution des demandes des industries et des march\u00e9s le long de la c\u00f4te du golfe du Mexique.SERVICES OFFERTS Manutention de marchandises Arrimage, Entreposage Manutention de cargo Entreposage ext\u00e9rieur Zone Franche (FTZ) Transbordement int\u00e9rieur\/ ext\u00e9rieur Gestion de [&hellip;]<\/p>\n","protected":false},"author":3,"featured_media":0,"parent":619,"menu_order":0,"comment_status":"closed","ping_status":"closed","template":"","meta":{"_et_pb_use_builder":"on","_et_pb_old_content":"[et_pb_section fb_built=\"1\" custom_padding_last_edited=\"on|desktop\" module_class=\"top-banner-terminal ds-vertical-align-baseline \" _builder_version=\"4.27.4\" background_image=\"https:\/\/www.logistecterminals.com\/wp-content\/uploads\/2025\/06\/Port-Aransas-Banner-scaled.jpg\" background_position=\"bottom_right\" custom_padding_tablet=\"\" custom_padding_phone=\"\" global_colors_info=\"{}\"][et_pb_row custom_padding_last_edited=\"on|tablet\" module_class=\"ds-vertical-align-baseline \" _builder_version=\"4.16\" custom_margin=\"0px||0px|\" custom_padding=\"50px||50px|\" custom_padding_tablet=\"10px||10px|\" custom_padding_phone=\"\" global_colors_info=\"{}\"][et_pb_column type=\"4_4\" _builder_version=\"4.16\" custom_padding=\"|||\" global_colors_info=\"{}\" custom_padding__hover=\"|||\"][et_pb_text admin_label=\"Banner\" _builder_version=\"4.27.4\" background_layout=\"dark\" max_width=\"50%\" max_width_tablet=\"\" max_width_phone=\"100%\" max_width_last_edited=\"on|desktop\" module_alignment=\"left\" z_index_tablet=\"500\" global_colors_info=\"{}\"]<h1 style=\"text-align: left;\">Port Aransas<\/h1>[\/et_pb_text][\/et_pb_column][\/et_pb_row][\/et_pb_section][et_pb_section fb_built=\"1\" custom_padding_last_edited=\"on|desktop\" module_class=\"ds-vertical-align top-banner-terminal\" _builder_version=\"4.27.4\" background_image=\"https:\/\/www.logistecterminals.com\/wp-content\/uploads\/2018\/10\/Corpus-Christi-Map.jpg\" custom_padding_tablet=\"\" custom_padding_phone=\"\" hover_enabled=\"0\" global_colors_info=\"{}\" title_text=\"Corpus-Christi-Map\" sticky_enabled=\"0\"][et_pb_row column_structure=\"1_2,1_2\" make_equal=\"on\" _builder_version=\"4.16\" custom_padding=\"50px||50px|\" global_colors_info=\"{}\"][et_pb_column type=\"1_2\" _builder_version=\"4.16\" custom_padding=\"|||\" global_colors_info=\"{}\" custom_padding__hover=\"|||\"][et_pb_text admin_label=\"Map + description\" _builder_version=\"4.27.4\" max_width=\"83.2%\" max_width_tablet=\"\" max_width_phone=\"\" max_width_last_edited=\"on|tablet\" module_alignment=\"left\" z_index_tablet=\"500\" global_colors_info=\"{}\"]<h2 style=\"text-align: left;\">Port Aransas, Texas<\/h2>\r\nPort Aransas, Texas, is a strategic hub for breakbulk and project cargo, serving key industries including energy and infrastructure. With advanced cranes, reach stackers, and expert stevedores, we deliver efficient handling of oversized and heavy-lift shipments. Rely on Port Aransas for reliable, high-capacity logistics solutions tailored to evolving industrial and market demands along the Gulf Coast.[\/et_pb_text][et_pb_button button_url=\"\/wp-content\/uploads\/2025\/03\/TechSheets-Brownsville_Nov2024_2.pdf\" url_new_window=\"on\" button_text=\"Download the Tech Sheet\" _builder_version=\"4.17.4\" z_index_tablet=\"500\" global_colors_info=\"{}\" button_text_size__hover_enabled=\"off\" button_text_size__hover=\"null\" button_one_text_size__hover_enabled=\"off\" button_one_text_size__hover=\"null\" button_two_text_size__hover_enabled=\"off\" button_two_text_size__hover=\"null\" button_text_color__hover_enabled=\"off\" button_text_color__hover=\"null\" button_one_text_color__hover_enabled=\"off\" button_one_text_color__hover=\"null\" button_two_text_color__hover_enabled=\"off\" button_two_text_color__hover=\"null\" button_border_width__hover_enabled=\"off\" button_border_width__hover=\"null\" button_one_border_width__hover_enabled=\"off\" button_one_border_width__hover=\"null\" button_two_border_width__hover_enabled=\"off\" button_two_border_width__hover=\"null\" button_border_color__hover_enabled=\"off\" button_border_color__hover=\"null\" button_one_border_color__hover_enabled=\"off\" button_one_border_color__hover=\"null\" button_two_border_color__hover_enabled=\"off\" button_two_border_color__hover=\"null\" button_border_radius__hover_enabled=\"off\" button_border_radius__hover=\"null\" button_one_border_radius__hover_enabled=\"off\" button_one_border_radius__hover=\"null\" button_two_border_radius__hover_enabled=\"off\" button_two_border_radius__hover=\"null\" button_letter_spacing__hover_enabled=\"off\" button_letter_spacing__hover=\"null\" button_one_letter_spacing__hover_enabled=\"off\" button_one_letter_spacing__hover=\"null\" button_two_letter_spacing__hover_enabled=\"off\" button_two_letter_spacing__hover=\"null\" button_bg_color__hover_enabled=\"off\" button_bg_color__hover=\"null\" button_one_bg_color__hover_enabled=\"off\" button_one_bg_color__hover=\"null\" button_two_bg_color__hover_enabled=\"off\" button_two_bg_color__hover=\"null\"][\/et_pb_button][\/et_pb_column][et_pb_column type=\"1_2\" module_class=\"ds-vertical-align-baseline\" _builder_version=\"4.16\" custom_padding=\"|||\" global_colors_info=\"{}\" custom_padding__hover=\"|||\"][et_pb_image src=\"https:\/\/www.logistecterminals.com\/wp-content\/uploads\/2019\/04\/Gulf-Stream-Marine_RGB_285.png\" url=\"http:\/\/www.gulfstreammarine.com\/\" align=\"right\" align_tablet=\"center\" align_phone=\"center\" align_last_edited=\"on|desktop\" _builder_version=\"4.16\" global_colors_info=\"{}\"][\/et_pb_image][\/et_pb_column][\/et_pb_row][\/et_pb_section][et_pb_section fb_built=\"1\" _builder_version=\"4.16\" background_color=\"#ff671f\" custom_padding=\"50px||50px|\" global_colors_info=\"{}\"][et_pb_row column_structure=\"1_4,1_4,1_4,1_4\" _builder_version=\"4.16\" global_colors_info=\"{}\"][et_pb_column type=\"1_4\" _builder_version=\"4.16\" custom_padding=\"|25px||\" custom_padding_tablet=\"|25px||\" custom_padding_phone=\"|0px||\" custom_padding_last_edited=\"on|phone\" global_colors_info=\"{}\" custom_padding__hover=\"|||\"][et_pb_text admin_label=\"SERVICES OFFERED\" _builder_version=\"4.27.4\" background_layout=\"dark\" z_index_tablet=\"500\" global_colors_info=\"{}\"]<h4 style=\"text-align: left;\">SERVICES OFFERED<\/h4>\r\nCargo Handling\r\nStevedoring\r\nWarehousing\r\nTransloading\r\nFreight Handling\r\nOutdoor Storage\r\nForeign Trade Zone\r\nIndoor\/Outdoor Transloading\r\nInventory Management[\/et_pb_text][\/et_pb_column][et_pb_column type=\"1_4\" _builder_version=\"4.16\" custom_padding=\"|25px||\" custom_padding_tablet=\"|25px||\" custom_padding_phone=\"|0px||\" custom_padding_last_edited=\"on|phone\" global_colors_info=\"{}\" custom_padding__hover=\"|||\"][et_pb_text admin_label=\"EQUIPMENT\" _builder_version=\"4.27.4\" background_layout=\"dark\" z_index_tablet=\"500\" global_colors_info=\"{}\"]<h4 style=\"text-align: left;\">EQUIPMENT<\/h4>\r\nForklifts\r\nReach Stackers\r\nLoaders & Container\r\nToploaders\r\nCertified Truck Scale\r\nCrawler Cranes\r\nHeavy Lift Trailers\r\nWTG Blade Trailersand Trucks[\/et_pb_text][\/et_pb_column][et_pb_column type=\"1_4\" _builder_version=\"4.16\" custom_padding=\"|25px||\" custom_padding_tablet=\"|0px||\" custom_padding_phone=\"|0px||\" custom_padding_last_edited=\"on|tablet\" global_colors_info=\"{}\" custom_padding__hover=\"|||\"][et_pb_text admin_label=\"TYPES OF CARGO\" _builder_version=\"4.27.4\" background_layout=\"dark\" z_index_tablet=\"500\" global_colors_info=\"{}\"]<h4 style=\"text-align: left;\">TYPES OF CARGO<\/h4>\r\nBulk\r\nGeneral Cargo\r\nSteel Commodities\r\nWind, Containers\r\nBreakbulk\r\nProject Cargo\r\nHeavy Lift\r\nOut-of-Gauge\r\nConstruction and Mining[\/et_pb_text][\/et_pb_column][et_pb_column type=\"1_4\" _builder_version=\"4.16\" custom_padding=\"|||\" global_colors_info=\"{}\" custom_padding__hover=\"|||\"][et_pb_text admin_label=\"INLAND CONNECTIONS\" _builder_version=\"4.27.4\" background_layout=\"dark\" global_colors_info=\"{}\"]<h4 style=\"text-align: left;\">INLAND CONNECTIONS<\/h4>\r\nNear to interstate highway I-69[\/et_pb_text][\/et_pb_column][\/et_pb_row][\/et_pb_section][et_pb_section fb_built=\"1\" _builder_version=\"4.16\" custom_padding=\"0px||0px|\" global_colors_info=\"{}\"][et_pb_row column_structure=\"1_2,1_2\" use_custom_gutter=\"on\" gutter_width=\"1\" make_equal=\"on\" module_class=\" et_pb_row_fullwidth et_pb_row_fullwidth et_pb_row_fullwidth et_pb_row_fullwidth et_pb_row_fullwidth et_pb_row_fullwidth et_pb_row_fullwidth\" _builder_version=\"4.27.4\" width=\"100%\" width_tablet=\"100%\" width_phone=\"\" width_last_edited=\"on|desktop\" max_width=\"100%\" max_width_tablet=\"100%\" max_width_phone=\"\" max_width_last_edited=\"on|desktop\" custom_padding=\"0px||0px|\" make_fullwidth=\"on\" global_colors_info=\"{}\"][et_pb_column type=\"1_2\" module_class=\"ds-vertical-align sync-1 square\" _builder_version=\"4.27.4\" background_image=\"https:\/\/www.logistecterminals.com\/wp-content\/uploads\/2025\/06\/Port-Aransas-Picture.jpg\" background_position=\"bottom_center\" custom_padding=\"|||\" custom_padding_last_edited=\"off|phone\" global_colors_info=\"{}\" custom_padding__hover=\"|||\"][et_pb_divider show_divider=\"off\" _builder_version=\"4.16\" global_colors_info=\"{}\"][\/et_pb_divider][\/et_pb_column][et_pb_column type=\"1_2\" module_class=\"ds-vertical-align sync-1 square\" _builder_version=\"4.16\" custom_padding=\"60px|10%|60px|10%\" custom_padding_tablet=\"45px|10%|45px|10%\" custom_padding_phone=\"45px|10%|45px|10%\" custom_padding_last_edited=\"on|phone\" global_colors_info=\"{}\" custom_padding__hover=\"|||\"][et_pb_text admin_label=\"Contact Info\" _builder_version=\"4.27.4\" z_index_tablet=\"500\" global_colors_info=\"{}\"]<h2>Contact Info<\/h2>\r\n<h6 style=\"margin-top: 15px;\">LOCATION<\/h6>\r\n118 E. Hwy 361, Port Aransas,\r\nTexas 78373\r\n<h6 style=\"margin-top: 15px;\">GULF STREAM MARINE INC.<\/h6>\r\n10000 Manchester St.\r\nHouston, Texas 77012\r\n<a href=\"mailto:sales@gulfstreammarine.com\">sales@gulfstreammarine.com<\/a>[\/et_pb_text][\/et_pb_column][\/et_pb_row][\/et_pb_section]","_et_gb_content_width":"","footnotes":""},"class_list":["post-15999","page","type-page","status-publish","hentry"],"acf":[],"_links":{"self":[{"href":"https:\/\/www.logistecterminals.com\/fr\/wp-json\/wp\/v2\/pages\/15999","targetHints":{"allow":["GET"]}}],"collection":[{"href":"https:\/\/www.logistecterminals.com\/fr\/wp-json\/wp\/v2\/pages"}],"about":[{"href":"https:\/\/www.logistecterminals.com\/fr\/wp-json\/wp\/v2\/types\/page"}],"author":[{"embeddable":true,"href":"https:\/\/www.logistecterminals.com\/fr\/wp-json\/wp\/v2\/users\/3"}],"replies":[{"embeddable":true,"href":"https:\/\/www.logistecterminals.com\/fr\/wp-json\/wp\/v2\/comments?post=15999"}],"version-history":[{"count":4,"href":"https:\/\/www.logistecterminals.com\/fr\/wp-json\/wp\/v2\/pages\/15999\/revisions"}],"predecessor-version":[{"id":16121,"href":"https:\/\/www.logistecterminals.com\/fr\/wp-json\/wp\/v2\/pages\/15999\/revisions\/16121"}],"up":[{"embeddable":true,"href":"https:\/\/www.logistecterminals.com\/fr\/wp-json\/wp\/v2\/pages\/619"}],"wp:attachment":[{"href":"https:\/\/www.logistecterminals.com\/fr\/wp-json\/wp\/v2\/media?parent=15999"}],"curies":[{"name":"wp","href":"https:\/\/api.w.org\/{rel}","templated":true}]}}