{"id":13843,"date":"2023-06-08T09:04:30","date_gmt":"2023-06-08T13:04:30","guid":{"rendered":"https:\/\/www.logistecterminals.com\/?page_id=13843"},"modified":"2025-07-11T10:20:03","modified_gmt":"2025-07-11T14:20:03","slug":"estes-head-terminal","status":"publish","type":"page","link":"https:\/\/www.logistecterminals.com\/fr\/reseau\/estes-head-terminal\/","title":{"rendered":"Eastport, Maine"},"content":{"rendered":"<p>[et_pb_section fb_built=\u00a0\u00bb1&Prime; custom_padding_last_edited=\u00a0\u00bbon|desktop\u00a0\u00bb module_class=\u00a0\u00bbtop-banner-terminal ds-vertical-align-baseline \u00a0\u00bb _builder_version=\u00a0\u00bb4.27.4&Prime; background_image=\u00a0\u00bbhttps:\/\/www.logistecterminals.com\/wp-content\/uploads\/2023\/06\/Easport-Banner-scaled.jpg\u00a0\u00bb custom_padding_tablet=\u00a0\u00bb\u00a0\u00bb custom_padding_phone=\u00a0\u00bb\u00a0\u00bb hover_enabled=\u00a0\u00bb0&Prime; global_colors_info=\u00a0\u00bb{}\u00a0\u00bb use_background_color_gradient=\u00a0\u00bbon\u00a0\u00bb background_color_gradient_stops=\u00a0\u00bbrgba(10,0,0,0) 51%|rgba(10,2,2,0.51) 100%\u00a0\u00bb background_color_gradient_overlays_image=\u00a0\u00bbon\u00a0\u00bb sticky_enabled=\u00a0\u00bb0&Prime;][et_pb_row custom_padding_last_edited=\u00a0\u00bbon|tablet\u00a0\u00bb module_class=\u00a0\u00bbds-vertical-align-baseline \u00a0\u00bb _builder_version=\u00a0\u00bb4.16&Prime; custom_margin=\u00a0\u00bb0px||0px|\u00a0\u00bb custom_padding=\u00a0\u00bb50px||50px|\u00a0\u00bb custom_padding_tablet=\u00a0\u00bb10px||10px|\u00a0\u00bb custom_padding_phone=\u00a0\u00bb\u00a0\u00bb global_colors_info=\u00a0\u00bb{}\u00a0\u00bb][et_pb_column type=\u00a0\u00bb4_4&Prime; _builder_version=\u00a0\u00bb4.16&Prime; custom_padding=\u00a0\u00bb|||\u00a0\u00bb global_colors_info=\u00a0\u00bb{}\u00a0\u00bb custom_padding__hover=\u00a0\u00bb|||\u00a0\u00bb][et_pb_text admin_label=\u00a0\u00bbBanner\u00a0\u00bb _builder_version=\u00a0\u00bb4.17.4&Prime; background_layout=\u00a0\u00bbdark\u00a0\u00bb max_width=\u00a0\u00bb50%\u00a0\u00bb max_width_tablet=\u00a0\u00bb\u00a0\u00bb max_width_phone=\u00a0\u00bb100%\u00a0\u00bb max_width_last_edited=\u00a0\u00bbon|desktop\u00a0\u00bb module_alignment=\u00a0\u00bbleft\u00a0\u00bb z_index_tablet=\u00a0\u00bb500&Prime; global_colors_info=\u00a0\u00bb{}\u00a0\u00bb]<\/p>\n<h1 style=\"text-align: left;\">Estes Head Terminal<\/h1>\n<p>[\/et_pb_text][\/et_pb_column][\/et_pb_row][\/et_pb_section][et_pb_section fb_built=\u00a0\u00bb1&Prime; custom_padding_last_edited=\u00a0\u00bbon|desktop\u00a0\u00bb module_class=\u00a0\u00bbds-vertical-align top-banner-terminal\u00a0\u00bb _builder_version=\u00a0\u00bb4.17.4&Prime; background_image=\u00a0\u00bbhttps:\/\/www.logistecterminals.com\/wp-content\/uploads\/2023\/06\/Eastport-Map-scaled.jpg\u00a0\u00bb custom_padding_tablet=\u00a0\u00bb\u00a0\u00bb custom_padding_phone=\u00a0\u00bb\u00a0\u00bb global_colors_info=\u00a0\u00bb{}\u00a0\u00bb][et_pb_row column_structure=\u00a0\u00bb1_2,1_2&Prime; _builder_version=\u00a0\u00bb4.16&Prime; custom_padding=\u00a0\u00bb50px||50px|\u00a0\u00bb global_colors_info=\u00a0\u00bb{}\u00a0\u00bb][et_pb_column type=\u00a0\u00bb1_2&Prime; _builder_version=\u00a0\u00bb4.16&Prime; custom_padding=\u00a0\u00bb|||\u00a0\u00bb global_colors_info=\u00a0\u00bb{}\u00a0\u00bb custom_padding__hover=\u00a0\u00bb|||\u00a0\u00bb][et_pb_text admin_label=\u00a0\u00bbMap + description\u00a0\u00bb _builder_version=\u00a0\u00bb4.17.4&Prime; max_width=\u00a0\u00bb83.2%\u00a0\u00bb max_width_tablet=\u00a0\u00bb\u00a0\u00bb max_width_phone=\u00a0\u00bb\u00a0\u00bb max_width_last_edited=\u00a0\u00bbon|tablet\u00a0\u00bb module_alignment=\u00a0\u00bbleft\u00a0\u00bb global_colors_info=\u00a0\u00bb{}\u00a0\u00bb]<\/p>\n<h2 style=\"text-align: left;\">Estes Head Terminal<br \/>Eastport, ME<\/h2>\n<p>Eastport est situ\u00e9 \u00e0 6 heures de Boston et \u00e0 30 minutes des<br \/>fronti\u00e8res canadiennes. Dot\u00e9 de chariots \u00e9l\u00e9vateurs d&rsquo;une<br \/>capacit\u00e9 allant jusqu&rsquo;\u00e0 20 000 livres, Estes Head a \u00e9t\u00e9 l&rsquo;un<br \/>des ports \u00e0 la croissance la plus rapide de la c\u00f4te Est et est<br \/>connu dans le monde entier pour sa main-d&rsquo;oeuvre et ses<br \/>taux de chargement avantageux. Gr\u00e2ce \u00e0 un investissement<br \/>de 10 millions, le port a r\u00e9cemment eu une expansion,<br \/>permettant d\u2019accueillir encore plus de cargo.<\/p>\n<p>[\/et_pb_text][et_pb_button button_url=\u00a0\u00bb\/wp-content\/uploads\/2025\/03\/TechSheets-Eastport_Nov2024_FR.pdf\u00a0\u00bb url_new_window=\u00a0\u00bbon\u00a0\u00bb button_text=\u00a0\u00bbT\u00e9l\u00e9charger la fiche technique\u00a0\u00bb _builder_version=\u00a0\u00bb4.27.4&Prime; global_colors_info=\u00a0\u00bb{}\u00a0\u00bb button_text_size__hover_enabled=\u00a0\u00bboff\u00a0\u00bb button_text_size__hover=\u00a0\u00bbnull\u00a0\u00bb button_one_text_size__hover_enabled=\u00a0\u00bboff\u00a0\u00bb button_one_text_size__hover=\u00a0\u00bbnull\u00a0\u00bb button_two_text_size__hover_enabled=\u00a0\u00bboff\u00a0\u00bb button_two_text_size__hover=\u00a0\u00bbnull\u00a0\u00bb button_text_color__hover_enabled=\u00a0\u00bboff\u00a0\u00bb button_text_color__hover=\u00a0\u00bbnull\u00a0\u00bb button_one_text_color__hover_enabled=\u00a0\u00bboff\u00a0\u00bb button_one_text_color__hover=\u00a0\u00bbnull\u00a0\u00bb button_two_text_color__hover_enabled=\u00a0\u00bboff\u00a0\u00bb button_two_text_color__hover=\u00a0\u00bbnull\u00a0\u00bb button_border_width__hover_enabled=\u00a0\u00bboff\u00a0\u00bb button_border_width__hover=\u00a0\u00bbnull\u00a0\u00bb button_one_border_width__hover_enabled=\u00a0\u00bboff\u00a0\u00bb button_one_border_width__hover=\u00a0\u00bbnull\u00a0\u00bb button_two_border_width__hover_enabled=\u00a0\u00bboff\u00a0\u00bb button_two_border_width__hover=\u00a0\u00bbnull\u00a0\u00bb button_border_color__hover_enabled=\u00a0\u00bboff\u00a0\u00bb button_border_color__hover=\u00a0\u00bbnull\u00a0\u00bb button_one_border_color__hover_enabled=\u00a0\u00bboff\u00a0\u00bb button_one_border_color__hover=\u00a0\u00bbnull\u00a0\u00bb button_two_border_color__hover_enabled=\u00a0\u00bboff\u00a0\u00bb button_two_border_color__hover=\u00a0\u00bbnull\u00a0\u00bb button_border_radius__hover_enabled=\u00a0\u00bboff\u00a0\u00bb button_border_radius__hover=\u00a0\u00bbnull\u00a0\u00bb button_one_border_radius__hover_enabled=\u00a0\u00bboff\u00a0\u00bb button_one_border_radius__hover=\u00a0\u00bbnull\u00a0\u00bb button_two_border_radius__hover_enabled=\u00a0\u00bboff\u00a0\u00bb button_two_border_radius__hover=\u00a0\u00bbnull\u00a0\u00bb button_letter_spacing__hover_enabled=\u00a0\u00bboff\u00a0\u00bb button_letter_spacing__hover=\u00a0\u00bbnull\u00a0\u00bb button_one_letter_spacing__hover_enabled=\u00a0\u00bboff\u00a0\u00bb button_one_letter_spacing__hover=\u00a0\u00bbnull\u00a0\u00bb button_two_letter_spacing__hover_enabled=\u00a0\u00bboff\u00a0\u00bb button_two_letter_spacing__hover=\u00a0\u00bbnull\u00a0\u00bb button_bg_color__hover_enabled=\u00a0\u00bboff\u00a0\u00bb button_bg_color__hover=\u00a0\u00bbnull\u00a0\u00bb button_one_bg_color__hover_enabled=\u00a0\u00bboff\u00a0\u00bb button_one_bg_color__hover=\u00a0\u00bbnull\u00a0\u00bb button_two_bg_color__hover_enabled=\u00a0\u00bboff\u00a0\u00bb button_two_bg_color__hover=\u00a0\u00bbnull\u00a0\u00bb][\/et_pb_button][\/et_pb_column][et_pb_column type=\u00a0\u00bb1_2&Prime; _builder_version=\u00a0\u00bb4.16&Prime; custom_padding=\u00a0\u00bb|||\u00a0\u00bb global_colors_info=\u00a0\u00bb{}\u00a0\u00bb custom_padding__hover=\u00a0\u00bb|||\u00a0\u00bb][\/et_pb_column][\/et_pb_row][\/et_pb_section][et_pb_section fb_built=\u00a0\u00bb1&Prime; _builder_version=\u00a0\u00bb4.16&Prime; background_color=\u00a0\u00bb#ff671f\u00a0\u00bb custom_padding=\u00a0\u00bb50px||50px|\u00a0\u00bb global_colors_info=\u00a0\u00bb{}\u00a0\u00bb][et_pb_row column_structure=\u00a0\u00bb1_4,1_4,1_4,1_4&Prime; _builder_version=\u00a0\u00bb4.16&Prime; global_colors_info=\u00a0\u00bb{}\u00a0\u00bb][et_pb_column type=\u00a0\u00bb1_4&Prime; _builder_version=\u00a0\u00bb4.16&Prime; custom_padding=\u00a0\u00bb|25px||\u00a0\u00bb custom_padding_tablet=\u00a0\u00bb|25px||\u00a0\u00bb custom_padding_phone=\u00a0\u00bb|0px||\u00a0\u00bb custom_padding_last_edited=\u00a0\u00bbon|phone\u00a0\u00bb global_colors_info=\u00a0\u00bb{}\u00a0\u00bb custom_padding__hover=\u00a0\u00bb|||\u00a0\u00bb][et_pb_text admin_label=\u00a0\u00bbSERVICES OFFERED\u00a0\u00bb _builder_version=\u00a0\u00bb4.17.4&Prime; background_layout=\u00a0\u00bbdark\u00a0\u00bb global_colors_info=\u00a0\u00bb{}\u00a0\u00bb]<\/p>\n<h4 style=\"text-align: left;\">SERVICES OFFERTS<\/h4>\n<p>Manutention<br \/>Arrimage<br \/>Entreposage ext\u00e9rieur<br \/>Entreposage int\u00e9rieur<br \/>Transbordement<br \/>Navigation toute l&rsquo;ann\u00e9e<\/p>\n<p>[\/et_pb_text][\/et_pb_column][et_pb_column type=\u00a0\u00bb1_4&Prime; _builder_version=\u00a0\u00bb4.16&Prime; custom_padding=\u00a0\u00bb|25px||\u00a0\u00bb custom_padding_tablet=\u00a0\u00bb|25px||\u00a0\u00bb custom_padding_phone=\u00a0\u00bb|0px||\u00a0\u00bb custom_padding_last_edited=\u00a0\u00bbon|phone\u00a0\u00bb global_colors_info=\u00a0\u00bb{}\u00a0\u00bb custom_padding__hover=\u00a0\u00bb|||\u00a0\u00bb][et_pb_text admin_label=\u00a0\u00bbEQUIPMENT\u00a0\u00bb _builder_version=\u00a0\u00bb4.17.4&Prime; background_layout=\u00a0\u00bbdark\u00a0\u00bb global_colors_info=\u00a0\u00bb{}\u00a0\u00bb]<\/p>\n<h4 style=\"text-align: left;\">\u00c9QUIPEMENT<\/h4>\n<p>Grues disponibles sur demande<br \/>Chariots \u00e9l\u00e9vateurs (capacit\u00e9<br \/>maximale de 20 000 livres)<br \/>Appareils de levage<br \/>Pinces \u00e0 papier\/pulpe<br \/>Chargeurs<br \/>\u00c9quipement pour la<br \/>manutention de conteneurs<br \/>et mobilisation d\u2019appareils<br \/>suppl\u00e9mentaires sur demande<\/p>\n<p>[\/et_pb_text][\/et_pb_column][et_pb_column type=\u00a0\u00bb1_4&Prime; _builder_version=\u00a0\u00bb4.16&Prime; custom_padding=\u00a0\u00bb|25px||\u00a0\u00bb custom_padding_tablet=\u00a0\u00bb|0px||\u00a0\u00bb custom_padding_phone=\u00a0\u00bb|0px||\u00a0\u00bb custom_padding_last_edited=\u00a0\u00bbon|tablet\u00a0\u00bb global_colors_info=\u00a0\u00bb{}\u00a0\u00bb custom_padding__hover=\u00a0\u00bb|||\u00a0\u00bb][et_pb_text admin_label=\u00a0\u00bbTYPES OF CARGO\u00a0\u00bb _builder_version=\u00a0\u00bb4.17.4&Prime; background_layout=\u00a0\u00bbdark\u00a0\u00bb global_colors_info=\u00a0\u00bb{}\u00a0\u00bb]<\/p>\n<h4 style=\"text-align: left;\">TYPES DE MARCHANDISES<\/h4>\n<p>Marchandises g\u00e9n\u00e9rales<br \/>Marchandises li\u00e9es \u00e0 un projet<br \/>Charges lourdes<br \/>Pi\u00e8ces surdimensionn\u00e9es<br \/>Composantes \u00e9oliennes<br \/>Acier<br \/>Produits forestiers<br \/>Conteneurs<\/p>\n<p>[\/et_pb_text][\/et_pb_column][et_pb_column type=\u00a0\u00bb1_4&Prime; _builder_version=\u00a0\u00bb4.16&Prime; custom_padding=\u00a0\u00bb|||\u00a0\u00bb global_colors_info=\u00a0\u00bb{}\u00a0\u00bb custom_padding__hover=\u00a0\u00bb|||\u00a0\u00bb][et_pb_text admin_label=\u00a0\u00bbINLAND CONNECTIONS\u00a0\u00bb _builder_version=\u00a0\u00bb4.17.4&Prime; background_layout=\u00a0\u00bbdark\u00a0\u00bb global_colors_info=\u00a0\u00bb{}\u00a0\u00bb]<\/p>\n<h4 style=\"text-align: left;\">CORRESPONDANCES<\/h4>\n<p>Acc\u00e8s direct aux routes 1,<br \/>Route 190 et Route 9<br \/>Le port est situ\u00e9 \u00e0 6 heures<br \/>de Boston et \u00e0 30 minutes du<br \/>Canada.<\/p>\n<p>[\/et_pb_text][\/et_pb_column][\/et_pb_row][\/et_pb_section][et_pb_section fb_built=\u00a0\u00bb1&Prime; _builder_version=\u00a0\u00bb4.16&Prime; custom_padding=\u00a0\u00bb0px||0px|\u00a0\u00bb global_colors_info=\u00a0\u00bb{}\u00a0\u00bb][et_pb_row column_structure=\u00a0\u00bb1_2,1_2&Prime; use_custom_gutter=\u00a0\u00bbon\u00a0\u00bb gutter_width=\u00a0\u00bb1&Prime; make_equal=\u00a0\u00bbon\u00a0\u00bb module_class=\u00a0\u00bb et_pb_row_fullwidth et_pb_row_fullwidth et_pb_row_fullwidth et_pb_row_fullwidth\u00a0\u00bb _builder_version=\u00a0\u00bb4.17.4&Prime; width=\u00a0\u00bb100%\u00a0\u00bb width_tablet=\u00a0\u00bb100%\u00a0\u00bb width_phone=\u00a0\u00bb\u00a0\u00bb width_last_edited=\u00a0\u00bbon|desktop\u00a0\u00bb max_width=\u00a0\u00bb100%\u00a0\u00bb max_width_tablet=\u00a0\u00bb100%\u00a0\u00bb max_width_phone=\u00a0\u00bb\u00a0\u00bb max_width_last_edited=\u00a0\u00bbon|desktop\u00a0\u00bb custom_padding=\u00a0\u00bb0px||0px|\u00a0\u00bb make_fullwidth=\u00a0\u00bbon\u00a0\u00bb global_colors_info=\u00a0\u00bb{}\u00a0\u00bb][et_pb_column type=\u00a0\u00bb1_2&Prime; module_class=\u00a0\u00bbds-vertical-align sync-1 square\u00a0\u00bb _builder_version=\u00a0\u00bb4.17.4&Prime; background_image=\u00a0\u00bbhttps:\/\/www.logistecterminals.com\/wp-content\/uploads\/2023\/06\/Eastport-Picture.jpg\u00a0\u00bb custom_padding=\u00a0\u00bb|||\u00a0\u00bb custom_padding_last_edited=\u00a0\u00bboff|phone\u00a0\u00bb global_colors_info=\u00a0\u00bb{}\u00a0\u00bb custom_padding__hover=\u00a0\u00bb|||\u00a0\u00bb][et_pb_divider show_divider=\u00a0\u00bboff\u00a0\u00bb _builder_version=\u00a0\u00bb4.16&Prime; global_colors_info=\u00a0\u00bb{}\u00a0\u00bb][\/et_pb_divider][\/et_pb_column][et_pb_column type=\u00a0\u00bb1_2&Prime; module_class=\u00a0\u00bbds-vertical-align sync-1 square\u00a0\u00bb _builder_version=\u00a0\u00bb4.16&Prime; custom_padding=\u00a0\u00bb60px|10%|60px|10%\u00a0\u00bb custom_padding_tablet=\u00a0\u00bb45px|10%|45px|10%\u00a0\u00bb custom_padding_phone=\u00a0\u00bb45px|10%|45px|10%\u00a0\u00bb custom_padding_last_edited=\u00a0\u00bbon|phone\u00a0\u00bb global_colors_info=\u00a0\u00bb{}\u00a0\u00bb custom_padding__hover=\u00a0\u00bb|||\u00a0\u00bb][et_pb_text admin_label=\u00a0\u00bbContact Info\u00a0\u00bb _builder_version=\u00a0\u00bb4.27.4&Prime; z_index_tablet=\u00a0\u00bb500&Prime; global_colors_info=\u00a0\u00bb{}\u00a0\u00bb]<\/p>\n<h2>Coordonn\u00e9es<\/h2>\n<p><strong>LOGISTEC TERMINALS INC.<\/strong><\/p>\n<p>38 Barron Road, PO Box 261<br \/>Eastport, ME 04631<br \/><a href=\"mailto:solutions@logistec.com\">solutions@logistec.com<\/a><\/p>\n<p>[\/et_pb_text][\/et_pb_column][\/et_pb_row][\/et_pb_section]<\/p>\n","protected":false},"excerpt":{"rendered":"<p>Estes Head TerminalEstes Head TerminalEastport, ME Eastport est situ\u00e9 \u00e0 6 heures de Boston et \u00e0 30 minutes desfronti\u00e8res canadiennes. Dot\u00e9 de chariots \u00e9l\u00e9vateurs d&rsquo;unecapacit\u00e9 allant jusqu&rsquo;\u00e0 20 000 livres, Estes Head a \u00e9t\u00e9 l&rsquo;undes ports \u00e0 la croissance la plus rapide de la c\u00f4te Est et estconnu dans le monde entier pour sa main-d&rsquo;oeuvre et sestaux de chargement avantageux. Gr\u00e2ce \u00e0 un investissementde 10 millions, le port a r\u00e9cemment eu une expansion,permettant d\u2019accueillir encore plus de cargo.SERVICES OFFERTS ManutentionArrimageEntreposage ext\u00e9rieurEntreposage int\u00e9rieurTransbordementNavigation toute l&rsquo;ann\u00e9e\u00c9QUIPEMENT Grues disponibles sur demandeChariots \u00e9l\u00e9vateurs (capacit\u00e9maximale de 20 000 livres)Appareils de levagePinces \u00e0 papier\/pulpeChargeurs\u00c9quipement pour lamanutention de conteneurset mobilisation d\u2019appareilssuppl\u00e9mentaires sur demandeTYPES DE MARCHANDISES Marchandises g\u00e9n\u00e9ralesMarchandises [&hellip;]<\/p>\n","protected":false},"author":2,"featured_media":0,"parent":619,"menu_order":0,"comment_status":"closed","ping_status":"closed","template":"","meta":{"_et_pb_use_builder":"on","_et_pb_old_content":"","_et_gb_content_width":"","footnotes":""},"class_list":["post-13843","page","type-page","status-publish","hentry"],"acf":[],"_links":{"self":[{"href":"https:\/\/www.logistecterminals.com\/fr\/wp-json\/wp\/v2\/pages\/13843","targetHints":{"allow":["GET"]}}],"collection":[{"href":"https:\/\/www.logistecterminals.com\/fr\/wp-json\/wp\/v2\/pages"}],"about":[{"href":"https:\/\/www.logistecterminals.com\/fr\/wp-json\/wp\/v2\/types\/page"}],"author":[{"embeddable":true,"href":"https:\/\/www.logistecterminals.com\/fr\/wp-json\/wp\/v2\/users\/2"}],"replies":[{"embeddable":true,"href":"https:\/\/www.logistecterminals.com\/fr\/wp-json\/wp\/v2\/comments?post=13843"}],"version-history":[{"count":9,"href":"https:\/\/www.logistecterminals.com\/fr\/wp-json\/wp\/v2\/pages\/13843\/revisions"}],"predecessor-version":[{"id":16249,"href":"https:\/\/www.logistecterminals.com\/fr\/wp-json\/wp\/v2\/pages\/13843\/revisions\/16249"}],"up":[{"embeddable":true,"href":"https:\/\/www.logistecterminals.com\/fr\/wp-json\/wp\/v2\/pages\/619"}],"wp:attachment":[{"href":"https:\/\/www.logistecterminals.com\/fr\/wp-json\/wp\/v2\/media?parent=13843"}],"curies":[{"name":"wp","href":"https:\/\/api.w.org\/{rel}","templated":true}]}}